{"id":390933,"date":"2024-01-11T17:53:54","date_gmt":"2024-01-11T16:53:54","guid":{"rendered":"https:\/\/fnc-rh.com\/executive-search\/"},"modified":"2024-02-05T13:42:44","modified_gmt":"2024-02-05T12:42:44","slug":"executive-search","status":"publish","type":"page","link":"https:\/\/fnc-rh.com\/en\/executive-search\/","title":{"rendered":"Executive Search"},"content":{"rendered":"<p>[et_pb_section fb_built=&#8221;1&#8243; specialty=&#8221;on&#8221; padding_top_1=&#8221;60px&#8221; padding_top_bottom_link_1=&#8221;false&#8221; padding_left_right_link_1=&#8221;false&#8221; padding_1_tablet=&#8221;0px||||false|false&#8221; padding_1_phone=&#8221;0px||||false|false&#8221; padding_1_last_edited=&#8221;on|phone&#8221; disabled_on=&#8221;on|on|off&#8221; admin_label=&#8221;Header Executive Search ordi&#8221; _builder_version=&#8221;4.24.0&#8243; _module_preset=&#8221;default&#8221; background_color=&#8221;#FFFFFF&#8221; custom_margin=&#8221;-53px||||false|false&#8221; custom_padding=&#8221;0px||77px|||&#8221; bottom_divider_color=&#8221;#e0e0e0&#8243; animation_direction=&#8221;left&#8221; box_shadow_style=&#8221;preset3&#8243; global_colors_info=&#8221;{}&#8221;][et_pb_column type=&#8221;1_2&#8243; specialty_columns=&#8221;2&#8243; _builder_version=&#8221;4.16&#8243; custom_padding=&#8221;|||&#8221; global_colors_info=&#8221;{}&#8221; custom_padding__hover=&#8221;|||&#8221;][et_pb_row_inner _builder_version=&#8221;4.24.0&#8243; _module_preset=&#8221;default&#8221; animation_direction=&#8221;left&#8221; global_colors_info=&#8221;{}&#8221;][et_pb_column_inner saved_specialty_column_type=&#8221;1_2&#8243; _builder_version=&#8221;4.16&#8243; _module_preset=&#8221;default&#8221; global_colors_info=&#8221;{}&#8221;][et_pb_text admin_label=&#8221;Executive Search&#8221; _builder_version=&#8221;4.24.0&#8243; _module_preset=&#8221;53fac924-1644-4f70-a8a0-435df3cf1c52&#8243; header_font=&#8221;Outfit|600|||||||&#8221; header_text_color=&#8221;#000000&#8243; header_font_size=&#8221;90px&#8221; header_line_height=&#8221;1.1em&#8221; custom_padding=&#8221;63px|||||&#8221; animation_direction=&#8221;left&#8221; header_font_size_tablet=&#8221;50px&#8221; header_font_size_phone=&#8221;24px&#8221; header_font_size_last_edited=&#8221;on|phone&#8221; locked=&#8221;off&#8221; global_colors_info=&#8221;{}&#8221;]<\/p>\n<h1>Executive Search<\/h1>\n<p>[\/et_pb_text][et_pb_divider show_divider=&#8221;off&#8221; _builder_version=&#8221;4.23.4&#8243; _module_preset=&#8221;a9fcc5b1-74c5-43b4-b776-3e310da5f3e8&#8243; z_index=&#8221;10&#8243; max_width=&#8221;260px&#8221; height=&#8221;10px&#8221; custom_margin=&#8221;-65px||30px||false|false&#8221; custom_margin_tablet=&#8221;-59px||||false|false&#8221; custom_margin_phone=&#8221;-48px||||false|false&#8221; custom_margin_last_edited=&#8221;on|desktop&#8221; global_colors_info=&#8221;{}&#8221;][\/et_pb_divider][\/et_pb_column_inner][\/et_pb_row_inner][et_pb_row_inner _builder_version=&#8221;4.16&#8243; _module_preset=&#8221;default&#8221; custom_padding=&#8221;0px||0px||true|&#8221; global_colors_info=&#8221;{}&#8221;][et_pb_column_inner saved_specialty_column_type=&#8221;1_2&#8243; _builder_version=&#8221;4.16&#8243; _module_preset=&#8221;default&#8221; global_colors_info=&#8221;{}&#8221;][et_pb_text admin_label=&#8221;La gouvernance est devenue un enjeu strat\u00e9gique pour les ETI et PME qui \u00e9voluent dans un environnement \u00e9conomique de plus en plus impr\u00e9visible, complexe, anxiog\u00e8ne, fragile. Les conseils d\u2019administration doivent renforcer leurs capacit\u00e9s de recherche collective de cr\u00e9ation de valeur.&#8221; _builder_version=&#8221;4.24.0&#8243; _module_preset=&#8221;7262e956-c376-4aa6-9642-c413f71527d0&#8243; text_font=&#8221;Outfit|500|||||||&#8221; text_text_color=&#8221;#000000&#8243; text_font_size=&#8221;17px&#8221; text_line_height=&#8221;1.8em&#8221; link_text_color=&#8221;#666666&#8243; custom_margin=&#8221;10px||||false|false&#8221; custom_margin_tablet=&#8221;|||-60px|false|false&#8221; custom_margin_phone=&#8221;|||0px|false|false&#8221; custom_margin_last_edited=&#8221;off|desktop&#8221; header_font_size_tablet=&#8221;55px&#8221; header_font_size_last_edited=&#8221;off|desktop&#8221; locked=&#8221;off&#8221; global_colors_info=&#8221;{}&#8221;]<\/p>\n<p><strong>Governance<\/strong> has become a strategic challenge for <strong>mid-sized and small businesses<\/strong> operating in an increasingly unpredictable, complex, anxious, and fragile economic environment. Boards need to strengthen their capacity for courage, ethics, availability and the collective quest for value creation.<\/p>\n<p>We assist <strong>Boards of Directors<\/strong> in recruiting<\/p>\n<p><a href=\"https:\/\/fnc-rh.com\/en\/who-are-we-2\/#fabienneneidinger\">Fabienne NEIDINGER<\/a> is an Independent Board Member, certified, a member of the IFA (French Institute of Boards of Directors), and the APIA (Professional Independent Associated Directors).<\/p>\n<p><span style=\"color: #444444;\">With 30 years of experience in executive search, she has been managing her own recruitment and HR consulting firm for over 14 years.<\/span><\/p>\n<p>[\/et_pb_text][\/et_pb_column_inner][\/et_pb_row_inner][\/et_pb_column][et_pb_column type=&#8221;1_2&#8243; _builder_version=&#8221;4.16&#8243; custom_padding=&#8221;|||&#8221; global_colors_info=&#8221;{}&#8221; custom_padding__hover=&#8221;|||&#8221;][et_pb_image src=&#8221;https:\/\/fnc-rh.com\/jodogun\/uploads\/2024\/01\/Executive-Search-FNC-RH-01b-nb.jpg&#8221; alt=&#8221;Executive Search FNC HR&#8221; title_text=&#8221;Executive-Search-FNC-HR-01b-bw&#8221; _builder_version=&#8221;4.24.0&#8243; _module_preset=&#8221;default&#8221; custom_margin=&#8221;117px||||false|false&#8221; border_radii=&#8221;off||45px||&#8221; global_colors_info=&#8221;{}&#8221;][\/et_pb_image][et_pb_image src=&#8221;https:\/\/fnc-rh.com\/jodogun\/uploads\/2024\/01\/Executive-Search-FNC-RH-03.jpg&#8221; alt=&#8221;Executive-Search-FNC-HR&#8221; title_text=&#8221;Executive-Search-FNC-HR-03&#8243; _builder_version=&#8221;4.24.0&#8243; _module_preset=&#8221;default&#8221; positioning=&#8221;absolute&#8221; position_origin_a=&#8221;center_left&#8221; horizontal_offset_tablet=&#8221;0%&#8221; horizontal_offset_last_edited=&#8221;off|desktop&#8221; position_origin_a_tablet=&#8221;center_left&#8221; position_origin_a_phone=&#8221;center_left&#8221; position_origin_a_last_edited=&#8221;off|desktop&#8221; position_origin_f_last_edited=&#8221;off|desktop&#8221; position_origin_r_last_edited=&#8221;off|desktop&#8221; width=&#8221;50%&#8221; custom_margin=&#8221;|||-8%|false|false&#8221; animation_style=&#8221;roll&#8221; animation_direction=&#8221;right&#8221; positioning_tablet=&#8221;none&#8221; positioning_phone=&#8221;none&#8221; positioning_last_edited=&#8221;off|desktop&#8221; box_shadow_style=&#8221;preset2&#8243; box_shadow_horizontal=&#8221;0px&#8221; box_shadow_vertical=&#8221;60px&#8221; box_shadow_blur=&#8221;60px&#8221; box_shadow_color=&#8221;rgba(0,0,0,0.55)&#8221; global_colors_info=&#8221;{}&#8221;][\/et_pb_image][\/et_pb_column][\/et_pb_section][et_pb_section fb_built=&#8221;1&#8243; disabled_on=&#8221;on|on|off&#8221; admin_label=&#8221;En partenariat&#8221; _builder_version=&#8221;4.24.0&#8243; _module_preset=&#8221;default&#8221; background_color=&#8221;RGBA(255,255,255,0)&#8221; background_image=&#8221;https:\/\/fnc-rh.com\/jodogun\/uploads\/2024\/01\/fond2-formes-geometriques-bleu-abstrait.jpg&#8221; background_blend=&#8221;exclusion&#8221; background_enable_video_mp4=&#8221;off&#8221; custom_padding=&#8221;115px||144px|||&#8221; bottom_divider_color=&#8221;#03162b&#8221; bottom_divider_height=&#8221;190px&#8221; bottom_divider_flip=&#8221;horizontal&#8221; global_colors_info=&#8221;{}&#8221;][et_pb_row column_structure=&#8221;2_3,1_3&#8243; use_custom_gutter=&#8221;on&#8221; gutter_width=&#8221;4&#8243; _builder_version=&#8221;4.16&#8243; _module_preset=&#8221;default&#8221; custom_margin=&#8221;|auto|24px|auto||&#8221; global_colors_info=&#8221;{}&#8221;][et_pb_column type=&#8221;2_3&#8243; _builder_version=&#8221;4.16&#8243; _module_preset=&#8221;default&#8221; global_colors_info=&#8221;{}&#8221;][et_pb_image src=&#8221;https:\/\/fnc-rh.com\/jodogun\/uploads\/2024\/01\/partenariat3nb.jpg&#8221; title_text=&#8221;partnership3bwb&#8221; _builder_version=&#8221;4.24.0&#8243; _module_preset=&#8221;default&#8221; animation_style=&#8221;slide&#8221; animation_direction=&#8221;left&#8221; box_shadow_style=&#8221;preset1&#8243; global_colors_info=&#8221;{}&#8221;][\/et_pb_image][et_pb_text admin_label=&#8221;En partenariat avec People Find\u2019R, nous menons des missions de recrutement de cadres et dirigeants :&#8221; _builder_version=&#8221;4.24.0&#8243; _module_preset=&#8221;22d0da71-6393-430b-a0cd-b77dd565e85c&#8221; text_font=&#8221;Outfit|500|||||||&#8221; text_text_color=&#8221;#000000&#8243; text_font_size=&#8221;18px&#8221; text_line_height=&#8221;1.8em&#8221; link_font=&#8221;Outfit||||||||&#8221; link_text_color=&#8221;#000000&#8243; link_font_size=&#8221;18px&#8221; text_font_size_tablet=&#8221;15px&#8221; text_font_size_phone=&#8221;14px&#8221; text_font_size_last_edited=&#8221;on|phone&#8221; header_font_size_tablet=&#8221;55px&#8221; header_font_size_last_edited=&#8221;off|desktop&#8221; locked=&#8221;off&#8221; global_colors_info=&#8221;{}&#8221;]<\/p>\n<p>With <strong>Vanessa Rozanes<\/strong> and our team, we conduct executive search for leaders:<\/p>\n<p><strong>In sectors of excellence :<\/strong><br \/>Cyber-IT-Software \/ Security-Safety \/ Banking-Capital Market-Insurance \/ Luxury<br \/>Tech-Digital-Data\/ Consulting-Studies.<\/p>\n<p><strong>For business units and their executives:<\/strong><br \/>CIO\/CISO\/CDIO\/ Security\/ People-Human Resources\/ Commercial\/Legal\/Audit-Compliance\/ Finances.<\/p>\n<p>[\/et_pb_text][\/et_pb_column][et_pb_column type=&#8221;1_3&#8243; _builder_version=&#8221;4.16&#8243; _module_preset=&#8221;default&#8221; custom_padding=&#8221;180px||||false|false&#8221; custom_padding_tablet=&#8221;0px||||false|false&#8221; custom_padding_phone=&#8221;0px||||false|false&#8221; custom_padding_last_edited=&#8221;on|desktop&#8221; global_colors_info=&#8221;{}&#8221;][et_pb_image src=&#8221;https:\/\/fnc-rh.com\/jodogun\/uploads\/2024\/01\/partenariat-FNC-RH-A-nb07.jpg&#8221; alt=&#8221;Partnership&#8221; title_text=&#8221;partnership-FNC-HR-A-bw07&#8243; _builder_version=&#8221;4.24.0&#8243; _module_preset=&#8221;default&#8221; animation_style=&#8221;slide&#8221; animation_direction=&#8221;right&#8221; box_shadow_style=&#8221;preset2&#8243; global_colors_info=&#8221;{}&#8221;][\/et_pb_image][\/et_pb_column][\/et_pb_row][et_pb_row column_structure=&#8221;1_4,1_4,1_4,1_4&#8243; use_custom_gutter=&#8221;on&#8221; gutter_width=&#8221;2&#8243; module_class=&#8221;four-columns&#8221; _builder_version=&#8221;4.24.0&#8243; _module_preset=&#8221;default&#8221; animation_style=&#8221;slide&#8221; animation_direction=&#8221;bottom&#8221; global_colors_info=&#8221;{}&#8221;][et_pb_column type=&#8221;1_4&#8243; _builder_version=&#8221;4.24.0&#8243; _module_preset=&#8221;default&#8221; global_colors_info=&#8221;{}&#8221;][et_pb_image src=&#8221;https:\/\/fnc-rh.com\/jodogun\/uploads\/2024\/01\/postes-dir-general.jpg&#8221; title_text=&#8221;Financial planning consultation&#8221; _builder_version=&#8221;4.24.0&#8243; _module_preset=&#8221;default&#8221; filter_saturate=&#8221;0%&#8221; filter_brightness=&#8221;106%&#8221; box_shadow_style=&#8221;preset1&#8243; global_colors_info=&#8221;{}&#8221;][\/et_pb_image][\/et_pb_column][et_pb_column type=&#8221;1_4&#8243; _builder_version=&#8221;4.24.0&#8243; _module_preset=&#8221;default&#8221; global_colors_info=&#8221;{}&#8221;][et_pb_image src=&#8221;https:\/\/fnc-rh.com\/jodogun\/uploads\/2024\/01\/postes-dir-RH.jpg&#8221; title_text=&#8221;junge angestellte am telefon&#8221; _builder_version=&#8221;4.24.0&#8243; _module_preset=&#8221;default&#8221; filter_saturate=&#8221;0%&#8221; filter_brightness=&#8221;106%&#8221; box_shadow_style=&#8221;preset1&#8243; global_colors_info=&#8221;{}&#8221;][\/et_pb_image][\/et_pb_column][et_pb_column type=&#8221;1_4&#8243; _builder_version=&#8221;4.24.0&#8243; _module_preset=&#8221;default&#8221; global_colors_info=&#8221;{}&#8221;][et_pb_image src=&#8221;https:\/\/fnc-rh.com\/jodogun\/uploads\/2024\/01\/formation.jpg&#8221; title_text=&#8221;Seminar&#8221; _builder_version=&#8221;4.24.0&#8243; _module_preset=&#8221;default&#8221; filter_saturate=&#8221;0%&#8221; filter_brightness=&#8221;106%&#8221; box_shadow_style=&#8221;preset1&#8243; global_colors_info=&#8221;{}&#8221;][\/et_pb_image][\/et_pb_column][et_pb_column type=&#8221;1_4&#8243; _builder_version=&#8221;4.24.0&#8243; _module_preset=&#8221;default&#8221; global_colors_info=&#8221;{}&#8221;][et_pb_image src=&#8221;https:\/\/fnc-rh.com\/jodogun\/uploads\/2024\/01\/postes-dir-commercial.jpg&#8221; title_text=&#8221;postes-dir-commercial&#8221; _builder_version=&#8221;4.24.0&#8243; _module_preset=&#8221;default&#8221; filter_saturate=&#8221;0%&#8221; filter_brightness=&#8221;106%&#8221; box_shadow_style=&#8221;preset1&#8243; global_colors_info=&#8221;{}&#8221;][\/et_pb_image][\/et_pb_column][\/et_pb_row][\/et_pb_section][et_pb_section fb_built=&#8221;1&#8243; specialty=&#8221;on&#8221; padding_top_1=&#8221;60px&#8221; padding_top_bottom_link_1=&#8221;false&#8221; padding_left_right_link_1=&#8221;false&#8221; padding_1_tablet=&#8221;0px||||false|false&#8221; padding_1_phone=&#8221;0px||||false|false&#8221; padding_1_last_edited=&#8221;on|phone&#8221; disabled_on=&#8221;off|off|on&#8221; admin_label=&#8221;Header Executive Search tablette Mobile&#8221; _builder_version=&#8221;4.24.0&#8243; _module_preset=&#8221;default&#8221; background_color=&#8221;#FFFFFF&#8221; custom_margin=&#8221;-53px||||false|false&#8221; custom_padding=&#8221;0px||43px|||&#8221; bottom_divider_color=&#8221;#e0e0e0&#8243; animation_direction=&#8221;left&#8221; box_shadow_style=&#8221;preset3&#8243; global_colors_info=&#8221;{}&#8221;][et_pb_column type=&#8221;1_2&#8243; specialty_columns=&#8221;2&#8243; _builder_version=&#8221;4.16&#8243; custom_padding=&#8221;|||&#8221; global_colors_info=&#8221;{}&#8221; custom_padding__hover=&#8221;|||&#8221;][et_pb_row_inner _builder_version=&#8221;4.24.0&#8243; _module_preset=&#8221;default&#8221; animation_direction=&#8221;left&#8221; global_colors_info=&#8221;{}&#8221;][et_pb_column_inner saved_specialty_column_type=&#8221;1_2&#8243; _builder_version=&#8221;4.16&#8243; _module_preset=&#8221;default&#8221; global_colors_info=&#8221;{}&#8221;][et_pb_divider show_divider=&#8221;off&#8221; _builder_version=&#8221;4.23.4&#8243; _module_preset=&#8221;a9fcc5b1-74c5-43b4-b776-3e310da5f3e8&#8243; z_index=&#8221;10&#8243; max_width=&#8221;260px&#8221; height=&#8221;10px&#8221; custom_margin=&#8221;-65px||30px||false|false&#8221; custom_margin_tablet=&#8221;-59px||||false|false&#8221; custom_margin_phone=&#8221;-48px||||false|false&#8221; custom_margin_last_edited=&#8221;on|desktop&#8221; global_colors_info=&#8221;{}&#8221;][\/et_pb_divider][et_pb_text admin_label=&#8221;Executive Search&#8221; _builder_version=&#8221;4.24.0&#8243; _module_preset=&#8221;53fac924-1644-4f70-a8a0-435df3cf1c52&#8243; header_font=&#8221;Outfit|600|||||||&#8221; header_text_color=&#8221;#000000&#8243; header_font_size=&#8221;90px&#8221; header_line_height=&#8221;1.1em&#8221; custom_padding=&#8221;63px|||||&#8221; animation_direction=&#8221;left&#8221; header_font_size_tablet=&#8221;50px&#8221; header_font_size_phone=&#8221;24px&#8221; header_font_size_last_edited=&#8221;on|phone&#8221; locked=&#8221;off&#8221; global_colors_info=&#8221;{}&#8221;]<\/p>\n<h1>Executive Search<\/h1>\n<p>[\/et_pb_text][\/et_pb_column_inner][\/et_pb_row_inner][et_pb_row_inner _builder_version=&#8221;4.24.0&#8243; _module_preset=&#8221;default&#8221; global_colors_info=&#8221;{}&#8221;][et_pb_column_inner saved_specialty_column_type=&#8221;1_2&#8243; _builder_version=&#8221;4.24.0&#8243; _module_preset=&#8221;default&#8221; global_colors_info=&#8221;{}&#8221;][et_pb_image src=&#8221;https:\/\/fnc-rh.com\/jodogun\/uploads\/2024\/01\/Executive-Search-FNC-RH-01b-nb.jpg&#8221; title_text=&#8221;Executive-Search-FNC-HR-01b-bw&#8221; _builder_version=&#8221;4.24.0&#8243; _module_preset=&#8221;default&#8221; global_colors_info=&#8221;{}&#8221;][\/et_pb_image][\/et_pb_column_inner][\/et_pb_row_inner][et_pb_row_inner _builder_version=&#8221;4.16&#8243; _module_preset=&#8221;default&#8221; custom_padding=&#8221;0px||0px||true|&#8221; global_colors_info=&#8221;{}&#8221;][et_pb_column_inner saved_specialty_column_type=&#8221;1_2&#8243; _builder_version=&#8221;4.16&#8243; _module_preset=&#8221;default&#8221; global_colors_info=&#8221;{}&#8221;][et_pb_text admin_label=&#8221;La gouvernance est devenue un enjeu strat\u00e9gique pour les ETI et PME qui \u00e9voluent dans un environnement \u00e9conomique de plus en plus impr\u00e9visible, complexe, anxiog\u00e8ne, fragile. Les conseils d\u2019administration doivent renforcer leurs capacit\u00e9s de recherche collective de cr\u00e9ation de valeur.&#8221; _builder_version=&#8221;4.24.0&#8243; _module_preset=&#8221;7262e956-c376-4aa6-9642-c413f71527d0&#8243; text_font=&#8221;Outfit|500|||||||&#8221; text_text_color=&#8221;#000000&#8243; text_font_size=&#8221;17px&#8221; text_line_height=&#8221;1.8em&#8221; link_text_color=&#8221;#666666&#8243; custom_margin=&#8221;10px||||false|false&#8221; custom_margin_tablet=&#8221;|||-60px|false|false&#8221; custom_margin_phone=&#8221;|||0px|false|false&#8221; custom_margin_last_edited=&#8221;off|desktop&#8221; header_font_size_tablet=&#8221;55px&#8221; header_font_size_last_edited=&#8221;off|desktop&#8221; locked=&#8221;off&#8221; global_colors_info=&#8221;{}&#8221;]<\/p>\n<p><strong>Governance<\/strong> has become a strategic challenge for <strong>mid-sized and small businesses<\/strong> operating in an increasingly unpredictable, complex, anxious, and fragile economic environment. Boards need to strengthen their capacity for courage, ethics, availability and the collective quest for value creation.<\/p>\n<p>We assist <strong>Boards of Directors<\/strong> in recruiting<\/p>\n<p><a href=\"https:\/\/fnc-rh.com\/en\/who-are-we-2\/#fabienneneidinger\">Fabienne NEIDINGER<\/a> is an Independent Board Member, certified, a member of the IFA (French Institute of Boards of Directors), and the APIA (Professional Independent Associated Directors).<\/p>\n<p><span style=\"color: #444444;\">With 30 years of experience in executive search, she has been managing her own recruitment and HR consulting firm for over 14 years.<\/span><\/p>\n<p>[\/et_pb_text][\/et_pb_column_inner][\/et_pb_row_inner][\/et_pb_column][et_pb_column type=&#8221;1_2&#8243; _builder_version=&#8221;4.16&#8243; custom_padding=&#8221;|||&#8221; global_colors_info=&#8221;{}&#8221; custom_padding__hover=&#8221;|||&#8221;][et_pb_image src=&#8221;https:\/\/fnc-rh.com\/jodogun\/uploads\/2024\/01\/Executive-Search-FNC-RH-03-870&#215;1024.jpg&#8221; title_text=&#8221;Executive-Search-FNC-HR-03&#8243; _builder_version=&#8221;4.24.0&#8243; _module_preset=&#8221;default&#8221; global_colors_info=&#8221;{}&#8221;][\/et_pb_image][\/et_pb_column][\/et_pb_section][et_pb_section fb_built=&#8221;1&#8243; disabled_on=&#8221;off|off|on&#8221; admin_label=&#8221;En partenariat&#8221; _builder_version=&#8221;4.24.0&#8243; _module_preset=&#8221;default&#8221; background_color=&#8221;RGBA(255,255,255,0)&#8221; background_image=&#8221;https:\/\/fnc-rh.com\/jodogun\/uploads\/2024\/01\/fond2-formes-geometriques-bleu-abstrait.jpg&#8221; background_blend=&#8221;exclusion&#8221; background_enable_video_mp4=&#8221;off&#8221; custom_padding=&#8221;21px||144px|||&#8221; bottom_divider_color=&#8221;#03162b&#8221; bottom_divider_height=&#8221;190px&#8221; bottom_divider_flip=&#8221;horizontal&#8221; global_colors_info=&#8221;{}&#8221;][et_pb_row use_custom_gutter=&#8221;on&#8221; gutter_width=&#8221;4&#8243; _builder_version=&#8221;4.16&#8243; _module_preset=&#8221;default&#8221; custom_margin=&#8221;|auto|24px|auto||&#8221; custom_padding=&#8221;112px|||||&#8221; global_colors_info=&#8221;{}&#8221;][et_pb_column type=&#8221;4_4&#8243; _builder_version=&#8221;4.16&#8243; _module_preset=&#8221;default&#8221; global_colors_info=&#8221;{}&#8221;][et_pb_image src=&#8221;https:\/\/fnc-rh.com\/jodogun\/uploads\/2024\/01\/partenariat3nb.jpg&#8221; title_text=&#8221;partnership3bwb&#8221; _builder_version=&#8221;4.24.0&#8243; _module_preset=&#8221;default&#8221; animation_style=&#8221;slide&#8221; animation_direction=&#8221;left&#8221; box_shadow_style=&#8221;preset1&#8243; global_colors_info=&#8221;{}&#8221;][\/et_pb_image][et_pb_text admin_label=&#8221;En partenariat avec People Find\u2019R, nous menons des missions de recrutement de cadres et dirigeants :&#8221; _builder_version=&#8221;4.24.0&#8243; _module_preset=&#8221;22d0da71-6393-430b-a0cd-b77dd565e85c&#8221; text_font=&#8221;Outfit||||||||&#8221; text_text_color=&#8221;#000000&#8243; text_font_size=&#8221;18px&#8221; link_font=&#8221;Outfit||||||||&#8221; link_text_color=&#8221;#000000&#8243; link_font_size=&#8221;18px&#8221; text_font_size_tablet=&#8221;15px&#8221; text_font_size_phone=&#8221;17px&#8221; text_font_size_last_edited=&#8221;on|phone&#8221; header_font_size_tablet=&#8221;55px&#8221; header_font_size_last_edited=&#8221;off|desktop&#8221; locked=&#8221;off&#8221; global_colors_info=&#8221;{}&#8221;]<\/p>\n<p>With <strong>Vanessa Rozanes<\/strong> and our team, we conduct executive search for leaders:<\/p>\n<p><strong>In sectors of excellence :<\/strong><br \/>Cyber-IT-Software \/ Security-Safety \/ Banking-Capital Market-Insurance \/ Luxury<br \/>Tech-Digital-Data\/ Consulting-Studies.<\/p>\n<p><strong>For business units and their executives:<\/strong><br \/>CIO\/CISO\/CDIO\/ Security\/ People-Human Resources\/ Commercial\/Legal\/Audit-Compliance\/ Finances.<\/p>\n<p>[\/et_pb_text][et_pb_image src=&#8221;https:\/\/fnc-rh.com\/jodogun\/uploads\/2024\/01\/partenariat-FNC-RH-A-nb07.jpg&#8221; alt=&#8221;Partnership&#8221; title_text=&#8221;partnership-FNC-HR-A-bw07&#8243; _builder_version=&#8221;4.24.0&#8243; _module_preset=&#8221;default&#8221; animation_style=&#8221;slide&#8221; animation_direction=&#8221;right&#8221; box_shadow_style=&#8221;preset2&#8243; global_colors_info=&#8221;{}&#8221;][\/et_pb_image][\/et_pb_column][\/et_pb_row][et_pb_row _builder_version=&#8221;4.24.0&#8243; _module_preset=&#8221;default&#8221; global_colors_info=&#8221;{}&#8221;][et_pb_column type=&#8221;4_4&#8243; _builder_version=&#8221;4.24.0&#8243; _module_preset=&#8221;default&#8221; global_colors_info=&#8221;{}&#8221;][et_pb_gallery gallery_ids=&#8221;390025,390027,390026,390024&#8243; fullwidth=&#8221;on&#8221; _builder_version=&#8221;4.24.0&#8243; _module_preset=&#8221;default&#8221; child_filter_saturate=&#8221;0%&#8221; auto=&#8221;on&#8221; auto_speed=&#8221;2000&#8243; hover_transition_duration=&#8221;200ms&#8221; scroll_vertical_motion_enable=&#8221;off&#8221; box_shadow_style=&#8221;preset3&#8243; global_colors_info=&#8221;{}&#8221;][\/et_pb_gallery][\/et_pb_column][\/et_pb_row][\/et_pb_section]<\/p>\n","protected":false},"excerpt":{"rendered":"<p>Executive SearchGovernance has become a strategic challenge for mid-sized and small businesses operating in an increasingly unpredictable, complex, anxious, and fragile economic environment. Boards need to strengthen their capacity for courage, ethics, availability and the collective quest for value creation. We assist Boards of Directors in recruiting Fabienne NEIDINGER is an Independent Board Member, certified, [&hellip;]<\/p>\n","protected":false},"author":1,"featured_media":390969,"parent":0,"menu_order":0,"comment_status":"closed","ping_status":"closed","template":"","meta":{"_seopress_robots_primary_cat":"","_seopress_titles_title":"","_seopress_titles_desc":"Nous les accompagnons pour recruter leurs Administrateurs (trices) engag\u00e9(es). La gouvernance est devenue un enjeu strat\u00e9gique pour les ETI et PME qui ...","_seopress_robots_index":"","_et_pb_use_builder":"on","_et_pb_old_content":"","_et_gb_content_width":"","footnotes":""},"class_list":["post-390933","page","type-page","status-publish","has-post-thumbnail","hentry"],"_links":{"self":[{"href":"https:\/\/fnc-rh.com\/en\/wp-json\/wp\/v2\/pages\/390933","targetHints":{"allow":["GET"]}}],"collection":[{"href":"https:\/\/fnc-rh.com\/en\/wp-json\/wp\/v2\/pages"}],"about":[{"href":"https:\/\/fnc-rh.com\/en\/wp-json\/wp\/v2\/types\/page"}],"author":[{"embeddable":true,"href":"https:\/\/fnc-rh.com\/en\/wp-json\/wp\/v2\/users\/1"}],"replies":[{"embeddable":true,"href":"https:\/\/fnc-rh.com\/en\/wp-json\/wp\/v2\/comments?post=390933"}],"version-history":[{"count":20,"href":"https:\/\/fnc-rh.com\/en\/wp-json\/wp\/v2\/pages\/390933\/revisions"}],"predecessor-version":[{"id":394676,"href":"https:\/\/fnc-rh.com\/en\/wp-json\/wp\/v2\/pages\/390933\/revisions\/394676"}],"wp:featuredmedia":[{"embeddable":true,"href":"https:\/\/fnc-rh.com\/en\/wp-json\/wp\/v2\/media\/390969"}],"wp:attachment":[{"href":"https:\/\/fnc-rh.com\/en\/wp-json\/wp\/v2\/media?parent=390933"}],"curies":[{"name":"wp","href":"https:\/\/api.w.org\/{rel}","templated":true}]}}