{"id":390948,"date":"2024-01-12T10:53:30","date_gmt":"2024-01-12T09:53:30","guid":{"rendered":"https:\/\/fnc-rh.com\/legal-notice-credits\/"},"modified":"2024-02-05T12:29:12","modified_gmt":"2024-02-05T11:29:12","slug":"legal-notice-credits","status":"publish","type":"page","link":"https:\/\/fnc-rh.com\/en\/legal-notice-credits\/","title":{"rendered":"Legal Notice &amp; Credits"},"content":{"rendered":"<p>[et_pb_section fb_built=&#8221;1&#8243; _builder_version=&#8221;4.24.0&#8243; _module_preset=&#8221;default&#8221; background_color=&#8221;#FFFFFF&#8221; custom_padding=&#8221;||6px|||&#8221; global_colors_info=&#8221;{}&#8221;][et_pb_row column_structure=&#8221;1_2,1_2&#8243; _builder_version=&#8221;4.23.4&#8243; _module_preset=&#8221;default&#8221; global_colors_info=&#8221;{}&#8221;][et_pb_column type=&#8221;1_2&#8243; _builder_version=&#8221;4.23.4&#8243; _module_preset=&#8221;default&#8221; global_colors_info=&#8221;{}&#8221;][et_pb_image src=&#8221;https:\/\/fnc-rh.com\/jodogun\/uploads\/2024\/01\/mentions-legales.jpg&#8221; alt=&#8221;Legal Notice&#8221; title_text=&#8221;Legal-Notice&#8221; _builder_version=&#8221;4.24.0&#8243; _module_preset=&#8221;default&#8221; custom_margin=&#8221;5%||||false|false&#8221; filter_saturate=&#8221;0%&#8221; border_radii=&#8221;off|45px||45px|&#8221; global_colors_info=&#8221;{}&#8221;][\/et_pb_image][\/et_pb_column][et_pb_column type=&#8221;1_2&#8243; _builder_version=&#8221;4.23.4&#8243; _module_preset=&#8221;default&#8221; global_colors_info=&#8221;{}&#8221;][et_pb_text _builder_version=&#8221;4.24.0&#8243; _module_preset=&#8221;default&#8221; text_font=&#8221;Outfit||||||||&#8221; text_text_color=&#8221;#000000&#8243; text_font_size=&#8221;15px&#8221; link_font=&#8221;Outfit||||||||&#8221; link_text_color=&#8221;#969696&#8243; header_text_color=&#8221;#FFFFFF&#8221; header_2_font=&#8221;Outfit|700|||||||&#8221; header_2_text_color=&#8221;#bcbcbc&#8221; header_2_font_size=&#8221;43px&#8221; custom_padding=&#8221;13px|||||&#8221; global_colors_info=&#8221;{}&#8221;]<\/p>\n<h2>Legal Notice<\/h2>\n<p><strong>The www.fnc.rh.com website is the property of <br \/>of FNC (R)essources (H)umaines<\/strong><br \/><strong>55, rue Jean Mermoz<\/strong><br \/><strong>92 380 GARCHES<br \/>fneidinger@fnc-rh.com<\/strong><\/p>\n<p><strong>SARL registered with the RCS of NANTERRE under SIREN number 797582533 VAT number: FR 14 797582533<\/strong><br \/><strong>The publication and editorial director of the www.fnc.rh.com website is Fabienne Neidinger.<\/strong><br \/><strong>The service provider responsible for hosting the www.fnc.rh.com website and storing the information is OVH, a Soci\u00e9t\u00e9 par Actions Simplifi\u00e9e (simplified joint stock company) with capital of 10,000,000 euros, whose registered office is at 2 rue Kellermann &#8211; 59100 Roubaix &#8211; France.<\/strong><\/p>\n<p>[\/et_pb_text][\/et_pb_column][\/et_pb_row][et_pb_row _builder_version=&#8221;4.23.4&#8243; _module_preset=&#8221;default&#8221; global_colors_info=&#8221;{}&#8221;][et_pb_column type=&#8221;4_4&#8243; _builder_version=&#8221;4.23.4&#8243; _module_preset=&#8221;default&#8221; global_colors_info=&#8221;{}&#8221;][et_pb_text _builder_version=&#8221;4.24.0&#8243; _module_preset=&#8221;default&#8221; text_text_color=&#8221;#000000&#8243; text_font_size=&#8221;15px&#8221; link_font=&#8221;luciole-regular|700||on|||||&#8221; link_text_color=&#8221;#8c8c8c&#8221; link_font_size=&#8221;13px&#8221; header_2_font=&#8221;Outfit|700|||||||&#8221; header_2_text_color=&#8221;#bcbcbc&#8221; header_2_font_size=&#8221;43px&#8221; global_colors_info=&#8221;{}&#8221;]<\/p>\n<h2>Credits<\/h2>\n<p><strong>Website design and production:<\/strong> <a href=\"https:\/\/lamecanoweb.fr\/\" target=\"_blank\" rel=\"noopener\">La Mecanoweb<\/a><br \/><strong>Logo:<\/strong> <a href=\"https:\/\/lamecanoweb.fr\/\" target=\"_blank\" rel=\"noopener\">La Mecanoweb<\/a><\/p>\n<p><strong>Photography Fabienne Neidinger:<\/strong> <a href=\"https:\/\/www.gerardphoto.net\/\" target=\"_blank\" rel=\"noopener\">G\u00e9rard Photos <\/a> <\/p>\n<p><strong>Photography Vanessa ROZANES: <\/strong>Clara FOLTZ, Director &amp; Photographer, <a href=\"https:\/\/studiofalour.com\/\" target=\"_blank\" rel=\"noopener\">Studio Falour<\/a><strong><br \/><\/strong><\/p>\n<p><strong>Photos and videos (copyright free):<\/strong> Freepick &#8211; Pixabay<\/p>\n<p>&nbsp;<\/p>\n<p>&nbsp;<\/p>\n<p>[\/et_pb_text][\/et_pb_column][\/et_pb_row][\/et_pb_section]<\/p>\n","protected":false},"excerpt":{"rendered":"<p>Legal Notice The www.fnc.rh.com website is the property of of FNC (R)essources (H)umaines55, rue Jean Mermoz92 380 GARCHESfneidinger@fnc-rh.com SARL registered with the RCS of NANTERRE under SIREN number 797582533 VAT number: FR 14 797582533The publication and editorial director of the www.fnc.rh.com website is Fabienne Neidinger.The service provider responsible for hosting the www.fnc.rh.com website and storing [&hellip;]<\/p>\n","protected":false},"author":1,"featured_media":0,"parent":0,"menu_order":0,"comment_status":"closed","ping_status":"closed","template":"","meta":{"_seopress_robots_primary_cat":"","_seopress_titles_title":"","_seopress_titles_desc":"","_seopress_robots_index":"yes","_et_pb_use_builder":"on","_et_pb_old_content":"","_et_gb_content_width":"","footnotes":""},"class_list":["post-390948","page","type-page","status-publish","hentry"],"_links":{"self":[{"href":"https:\/\/fnc-rh.com\/en\/wp-json\/wp\/v2\/pages\/390948","targetHints":{"allow":["GET"]}}],"collection":[{"href":"https:\/\/fnc-rh.com\/en\/wp-json\/wp\/v2\/pages"}],"about":[{"href":"https:\/\/fnc-rh.com\/en\/wp-json\/wp\/v2\/types\/page"}],"author":[{"embeddable":true,"href":"https:\/\/fnc-rh.com\/en\/wp-json\/wp\/v2\/users\/1"}],"replies":[{"embeddable":true,"href":"https:\/\/fnc-rh.com\/en\/wp-json\/wp\/v2\/comments?post=390948"}],"version-history":[{"count":7,"href":"https:\/\/fnc-rh.com\/en\/wp-json\/wp\/v2\/pages\/390948\/revisions"}],"predecessor-version":[{"id":394484,"href":"https:\/\/fnc-rh.com\/en\/wp-json\/wp\/v2\/pages\/390948\/revisions\/394484"}],"wp:attachment":[{"href":"https:\/\/fnc-rh.com\/en\/wp-json\/wp\/v2\/media?parent=390948"}],"curies":[{"name":"wp","href":"https:\/\/api.w.org\/{rel}","templated":true}]}}